{"id":20544,"date":"2026-02-27T11:51:32","date_gmt":"2026-02-27T14:51:32","guid":{"rendered":"https:\/\/www.26notas.com.br\/blog\/?page_id=20544"},"modified":"2026-02-27T12:43:45","modified_gmt":"2026-02-27T15:43:45","slug":"livro-tabelionato-de-notas-oitava-edicao-2026","status":"publish","type":"page","link":"https:\/\/www.26notas.com.br\/blog\/?page_id=20544","title":{"rendered":"\ud83d\udcd8 Lan\u00e7amento | Tabelionato de Notas \u2013 8\u00aa Edi\u00e7\u00e3o (2026)"},"content":{"rendered":"<p>\u00c9 com satisfa\u00e7\u00e3o que compartilhamos a nova edi\u00e7\u00e3o da obra <em><strong>Tabelionato de Notas \u2013 8\u00aa Ed. (2026)<\/strong><\/em>, publicada pela <strong>Editora Foco<\/strong>, de autoria de <strong>Paulo Roberto Gaiger Ferreira<\/strong> e <strong>Felipe Leonardo Rodrigues<\/strong>, sob coordena\u00e7\u00e3o de <strong>Christiano Cassettari<\/strong>.<\/p>\n<p>Integrante da <strong>Cole\u00e7\u00e3o Cart\u00f3rios<\/strong>, a obra foi concebida para oferecer estudo <strong>did\u00e1tico e aprofundado do Direito Notarial<\/strong>, com abordagem pautada na <strong>legisla\u00e7\u00e3o, <\/strong>na <strong>jurisprud\u00eancia <\/strong>e na<strong> an\u00e1lise de controv\u00e9rsias pr\u00e1ticas<\/strong>.<\/p>\n<p>\ud83d\udcda <strong>Dados da obra<\/strong><br \/>\n\u2022 <strong>Editora:<\/strong> Foco<br \/>\n\u2022 <strong>Edi\u00e7\u00e3o:<\/strong> 8\u00aa (2026)<br \/>\n\u2022 <strong>P\u00e1ginas:<\/strong> 576<br \/>\n\u2022 <strong>ISBN:<\/strong> 9786561209311<\/p>\n<p>\ud83d\udd17 <strong>Link para compra (Editora Foco):<\/strong><br \/>\n<a href=\"https:\/\/www.editorafoco.com.br\/produto\/tabelionato-notas-2026\">https:\/\/www.editorafoco.com.br\/produto\/tabelionato-notas-2026<\/a><\/p>\n<p><img loading=\"lazy\" decoding=\"async\" class=\"size-full wp-image-20553 aligncenter\" src=\"https:\/\/www.26notas.com.br\/blog\/wp-content\/uploads\/2026\/02\/Livro-Tabelionato-de-Notas-2026.png\" alt=\"\" width=\"401\" height=\"567\" srcset=\"https:\/\/www.26notas.com.br\/blog\/wp-content\/uploads\/2026\/02\/Livro-Tabelionato-de-Notas-2026.png 401w, https:\/\/www.26notas.com.br\/blog\/wp-content\/uploads\/2026\/02\/Livro-Tabelionato-de-Notas-2026-212x300.png 212w\" sizes=\"auto, (max-width: 401px) 100vw, 401px\" \/><\/p>\n<p>Agradecemos a todos os colegas, leitores e profissionais que acompanham e incentivam esse trabalho de estudo, pr\u00e1tica e aprimoramento cont\u00ednuo da atividade notarial.<\/p>\n","protected":false},"excerpt":{"rendered":"<p>\u00c9 com satisfa\u00e7\u00e3o que compartilhamos a nova edi\u00e7\u00e3o da obra Tabelionato de Notas \u2013 8\u00aa Ed. (2026), publicada pela Editora Foco, de autoria de Paulo Roberto Gaiger Ferreira e Felipe Leonardo Rodrigues, sob coordena\u00e7\u00e3o de Christiano Cassettari. Integrante da Cole\u00e7\u00e3o Cart\u00f3rios, a obra foi concebida para oferecer estudo did\u00e1tico e aprofundado do Direito Notarial, com [&hellip;]<\/p>\n","protected":false},"author":4,"featured_media":0,"parent":0,"menu_order":0,"comment_status":"closed","ping_status":"closed","template":"","meta":{"footnotes":""},"class_list":["post-20544","page","type-page","status-publish","hentry"],"_links":{"self":[{"href":"https:\/\/www.26notas.com.br\/blog\/index.php?rest_route=\/wp\/v2\/pages\/20544","targetHints":{"allow":["GET"]}}],"collection":[{"href":"https:\/\/www.26notas.com.br\/blog\/index.php?rest_route=\/wp\/v2\/pages"}],"about":[{"href":"https:\/\/www.26notas.com.br\/blog\/index.php?rest_route=\/wp\/v2\/types\/page"}],"author":[{"embeddable":true,"href":"https:\/\/www.26notas.com.br\/blog\/index.php?rest_route=\/wp\/v2\/users\/4"}],"replies":[{"embeddable":true,"href":"https:\/\/www.26notas.com.br\/blog\/index.php?rest_route=%2Fwp%2Fv2%2Fcomments&post=20544"}],"version-history":[{"count":9,"href":"https:\/\/www.26notas.com.br\/blog\/index.php?rest_route=\/wp\/v2\/pages\/20544\/revisions"}],"predecessor-version":[{"id":20557,"href":"https:\/\/www.26notas.com.br\/blog\/index.php?rest_route=\/wp\/v2\/pages\/20544\/revisions\/20557"}],"wp:attachment":[{"href":"https:\/\/www.26notas.com.br\/blog\/index.php?rest_route=%2Fwp%2Fv2%2Fmedia&parent=20544"}],"curies":[{"name":"wp","href":"https:\/\/api.w.org\/{rel}","templated":true}]}}