{"id":19155,"date":"2023-06-27T22:13:43","date_gmt":"2023-06-28T01:13:43","guid":{"rendered":"https:\/\/www.26notas.com.br\/blog\/?page_id=19155"},"modified":"2023-06-27T22:13:43","modified_gmt":"2023-06-28T01:13:43","slug":"apresentacao","status":"publish","type":"page","link":"https:\/\/www.26notas.com.br\/blog\/?page_id=19155","title":{"rendered":"Apresenta\u00e7\u00e3o"},"content":{"rendered":"<p>Blog do 26\u00ba Tabelionato de Notas de S\u00e3o Paulo<\/p>\n<p>Seja bem-vindo ao blog de servi\u00e7o do 26\u00ba Tabelionato de Notas de S\u00e3o Paulo! A informa\u00e7\u00e3o se avolumou e est\u00e1 c\u00e9lere. Capture-a com este GPS. Oriente e oriente-se por aqui.<\/p>\n<div id=\"acfifjfajpekbmhmjppnmmjgmhjkildl\" class=\"acfifjfajpekbmhmjppnmmjgmhjkildl\"><\/div>\n","protected":false},"excerpt":{"rendered":"<p>Blog do 26\u00ba Tabelionato de Notas de S\u00e3o Paulo Seja bem-vindo ao blog de servi\u00e7o do 26\u00ba Tabelionato de Notas de S\u00e3o Paulo! A informa\u00e7\u00e3o se avolumou e est\u00e1 c\u00e9lere. Capture-a com este GPS. Oriente e oriente-se por aqui.<\/p>\n","protected":false},"author":4,"featured_media":0,"parent":0,"menu_order":0,"comment_status":"closed","ping_status":"closed","template":"","meta":{"footnotes":""},"class_list":["post-19155","page","type-page","status-publish","hentry"],"_links":{"self":[{"href":"https:\/\/www.26notas.com.br\/blog\/index.php?rest_route=\/wp\/v2\/pages\/19155","targetHints":{"allow":["GET"]}}],"collection":[{"href":"https:\/\/www.26notas.com.br\/blog\/index.php?rest_route=\/wp\/v2\/pages"}],"about":[{"href":"https:\/\/www.26notas.com.br\/blog\/index.php?rest_route=\/wp\/v2\/types\/page"}],"author":[{"embeddable":true,"href":"https:\/\/www.26notas.com.br\/blog\/index.php?rest_route=\/wp\/v2\/users\/4"}],"replies":[{"embeddable":true,"href":"https:\/\/www.26notas.com.br\/blog\/index.php?rest_route=%2Fwp%2Fv2%2Fcomments&post=19155"}],"version-history":[{"count":1,"href":"https:\/\/www.26notas.com.br\/blog\/index.php?rest_route=\/wp\/v2\/pages\/19155\/revisions"}],"predecessor-version":[{"id":19156,"href":"https:\/\/www.26notas.com.br\/blog\/index.php?rest_route=\/wp\/v2\/pages\/19155\/revisions\/19156"}],"wp:attachment":[{"href":"https:\/\/www.26notas.com.br\/blog\/index.php?rest_route=%2Fwp%2Fv2%2Fmedia&parent=19155"}],"curies":[{"name":"wp","href":"https:\/\/api.w.org\/{rel}","templated":true}]}}